{"id":9,"date":"2019-09-09T10:37:57","date_gmt":"2019-09-09T10:37:57","guid":{"rendered":"https:\/\/themes.muffingroup.com\/be\/spa4\/?page_id=9"},"modified":"2026-02-03T17:01:11","modified_gmt":"2026-02-03T16:01:11","slug":"nosotros","status":"publish","type":"page","link":"https:\/\/movimientoessalud.com\/en\/nosotros\/","title":{"rendered":"Us"},"content":{"rendered":"<div data-elementor-type=\"wp-page\" data-elementor-id=\"9\" class=\"elementor elementor-9\" data-elementor-post-type=\"page\">\n\t\t\t\t\t\t<section class=\"elementor-section elementor-top-section elementor-element elementor-element-13d4783 elementor-section-stretched elementor-section-boxed elementor-section-height-default elementor-section-height-default\" data-id=\"13d4783\" data-element_type=\"section\" data-settings=\"{&quot;stretch_section&quot;:&quot;section-stretched&quot;}\">\n\t\t\t\t\t\t<div class=\"elementor-container elementor-column-gap-wider\">\n\t\t\t\t\t<div class=\"elementor-column elementor-col-100 elementor-top-column elementor-element elementor-element-c64687f\" data-id=\"c64687f\" data-element_type=\"column\">\n\t\t\t<div class=\"elementor-widget-wrap elementor-element-populated\">\n\t\t\t\t\t\t<section class=\"elementor-section elementor-inner-section elementor-element elementor-element-7d5c495 elementor-section-content-middle elementor-section-boxed elementor-section-height-default elementor-section-height-default\" data-id=\"7d5c495\" data-element_type=\"section\">\n\t\t\t\t\t\t<div class=\"elementor-container elementor-column-gap-wider\">\n\t\t\t\t\t<div class=\"elementor-column elementor-col-50 elementor-inner-column elementor-element elementor-element-3e825b0\" data-id=\"3e825b0\" data-element_type=\"column\">\n\t\t\t<div class=\"elementor-widget-wrap elementor-element-populated\">\n\t\t\t\t\t\t<div class=\"elementor-element elementor-element-8c5509e elementor-widget elementor-widget-text-editor\" data-id=\"8c5509e\" data-element_type=\"widget\" data-widget_type=\"text-editor.default\">\n\t\t\t\t\t\t\t\t\t<h2 style=\"color: black;\" class=\"themecolor\">Sobre nosotros<\/h2>\t\t\t\t\t\t\t\t<\/div>\n\t\t\t\t<div class=\"elementor-element elementor-element-8aa571f elementor-widget elementor-widget-text-editor\" data-id=\"8aa571f\" data-element_type=\"widget\" data-widget_type=\"text-editor.default\">\n\t\t\t\t\t\t\t\t\t<p class=\"whitespace-normal break-words\"><strong>MeSalud surge de casi 20 a\u00f1os de experiencia en readaptaci\u00f3n de lesiones y reeducaci\u00f3n postural<\/strong> para mejorar cuadros de dolor cr\u00f3nico y recuperar la capacidad de movimiento sin limitaciones.<\/p><p class=\"whitespace-normal break-words\"><strong>Creemos que para una recuperaci\u00f3n completa es necesario trabajo activo, entrenamiento eficiente y, en definitiva: MOVIMIENTO.<\/strong><\/p><h4 class=\"text-lg font-bold text-text-100 mt-1 -mb-1.5\"><strong>Nuestra Metodolog\u00eda<\/strong><\/h4><p class=\"whitespace-normal break-words\">Trabajamos con <strong>Pilates Terap\u00e9utico y Gyrotonic\u00ae<\/strong>, complementados con terapias naturales como Osteopat\u00eda, Liberaci\u00f3n Miofascial y Masaje Cr\u00e1neo-Sacral. Incorporamos <strong>Radio Frequency Indiba\u00ae<\/strong> como regenerador celular con propiedades terap\u00e9uticas y est\u00e9ticas.<\/p><h4 class=\"text-lg font-bold text-text-100 mt-1 -mb-1.5\"><strong>Certificaciones<\/strong><\/h4><p class=\"whitespace-normal break-words\">Somos <strong>centro oficial Gyrotonic\u00ae e IndibaActiv\u00ae<\/strong>, garantizando m\u00e1xima calidad y profesionalidad en todos nuestros tratamientos.<\/p><p class=\"whitespace-normal break-words\"><strong>Ubicados en C. Canarias, 3, Arteagabeitia, 48902 Baracaldo, Vizcaya.<\/strong><\/p>\t\t\t\t\t\t\t\t<\/div>\n\t\t\t\t\t<\/div>\n\t\t<\/div>\n\t\t\t\t<div class=\"elementor-column elementor-col-50 elementor-inner-column elementor-element elementor-element-44cac20\" data-id=\"44cac20\" data-element_type=\"column\">\n\t\t\t<div class=\"elementor-widget-wrap elementor-element-populated\">\n\t\t\t\t\t\t<div class=\"elementor-element elementor-element-023c322 elementor-widget elementor-widget-image\" data-id=\"023c322\" data-element_type=\"widget\" data-widget_type=\"image.default\">\n\t\t\t\t\t\t\t\t\t\t\t\t\t\t\t<img fetchpriority=\"high\" decoding=\"async\" width=\"440\" height=\"440\" src=\"https:\/\/movimientoessalud.com\/wp-content\/uploads\/2025\/09\/pilates_mesalud_featured-440x440-2.jpg\" class=\"attachment-large size-large wp-image-259\" alt=\"pilates mesalud featured 440x440 2\" srcset=\"https:\/\/movimientoessalud.com\/wp-content\/uploads\/2025\/09\/pilates_mesalud_featured-440x440-2.jpg 440w, https:\/\/movimientoessalud.com\/wp-content\/uploads\/2025\/09\/pilates_mesalud_featured-440x440-2-300x300.jpg 300w, https:\/\/movimientoessalud.com\/wp-content\/uploads\/2025\/09\/pilates_mesalud_featured-440x440-2-150x150.jpg 150w, https:\/\/movimientoessalud.com\/wp-content\/uploads\/2025\/09\/pilates_mesalud_featured-440x440-2-75x75.jpg 75w\" sizes=\"(max-width:767px) 440px, 440px\" \/>\t\t\t\t\t\t\t\t\t\t\t\t\t\t\t<\/div>\n\t\t\t\t\t<\/div>\n\t\t<\/div>\n\t\t\t\t\t<\/div>\n\t\t<\/section>\n\t\t\t\t\t<\/div>\n\t\t<\/div>\n\t\t\t\t\t<\/div>\n\t\t<\/section>\n\t\t\t\t<section class=\"elementor-section elementor-top-section elementor-element elementor-element-4d47757 elementor-section-stretched elementor-section-boxed elementor-section-height-default elementor-section-height-default\" data-id=\"4d47757\" data-element_type=\"section\" data-settings=\"{&quot;stretch_section&quot;:&quot;section-stretched&quot;,&quot;background_background&quot;:&quot;classic&quot;}\">\n\t\t\t\t\t\t\t<div class=\"elementor-background-overlay\"><\/div>\n\t\t\t\t\t\t\t<div class=\"elementor-container elementor-column-gap-wider\">\n\t\t\t\t\t<div class=\"elementor-column elementor-col-100 elementor-top-column elementor-element elementor-element-60d2f40\" data-id=\"60d2f40\" data-element_type=\"column\" data-settings=\"{&quot;background_background&quot;:&quot;classic&quot;}\">\n\t\t\t<div class=\"elementor-widget-wrap elementor-element-populated\">\n\t\t\t\t\t\t<div class=\"elementor-element elementor-element-2a03ee7 elementor-widget elementor-widget-text-editor\" data-id=\"2a03ee7\" data-element_type=\"widget\" data-widget_type=\"text-editor.default\">\n\t\t\t\t\t\t\t\t\t<h2><span style=\"color: #ffffff;\">Nuestro equipo<\/span><\/h2>\t\t\t\t\t\t\t\t<\/div>\n\t\t<div class=\"elementor-element elementor-element-ccc5dae e-flex e-con-boxed e-con e-parent\" data-id=\"ccc5dae\" data-element_type=\"container\">\n\t\t\t\t\t<div class=\"e-con-inner\">\n\t\t<div class=\"elementor-element elementor-element-c605097 e-con-full e-flex e-con e-child\" data-id=\"c605097\" data-element_type=\"container\">\n\t\t<div class=\"elementor-element elementor-element-bc1620d e-con-full e-flex e-con e-child\" data-id=\"bc1620d\" data-element_type=\"container\">\n\t\t\t\t<div class=\"elementor-element elementor-element-10445a1 elementor-widget elementor-widget-image\" data-id=\"10445a1\" data-element_type=\"widget\" data-widget_type=\"image.default\">\n\t\t\t\t\t\t\t\t\t\t\t\t\t\t\t<img decoding=\"async\" width=\"440\" height=\"440\" src=\"https:\/\/movimientoessalud.com\/wp-content\/uploads\/2025\/09\/amaia_priscila_aragones-440x440-1.jpg\" class=\"attachment-large size-large wp-image-101\" alt=\"amaia priscila aragones 440x440 1\" srcset=\"https:\/\/movimientoessalud.com\/wp-content\/uploads\/2025\/09\/amaia_priscila_aragones-440x440-1.jpg 440w, https:\/\/movimientoessalud.com\/wp-content\/uploads\/2025\/09\/amaia_priscila_aragones-440x440-1-300x300.jpg 300w, https:\/\/movimientoessalud.com\/wp-content\/uploads\/2025\/09\/amaia_priscila_aragones-440x440-1-150x150.jpg 150w, https:\/\/movimientoessalud.com\/wp-content\/uploads\/2025\/09\/amaia_priscila_aragones-440x440-1-75x75.jpg 75w\" sizes=\"(max-width:767px) 440px, 440px\" \/>\t\t\t\t\t\t\t\t\t\t\t\t\t\t\t<\/div>\n\t\t\t\t<\/div>\n\t\t<div class=\"elementor-element elementor-element-95b7dde e-con-full e-flex e-con e-child\" data-id=\"95b7dde\" data-element_type=\"container\">\n\t\t\t\t<div class=\"elementor-element elementor-element-00c4a8f elementor-widget elementor-widget-text-editor\" data-id=\"00c4a8f\" data-element_type=\"widget\" data-widget_type=\"text-editor.default\">\n\t\t\t\t\t\t\t\t\t<h4><span style=\"color: #ffffff;\">Amaia Priscila Aragon\u00e9s Cabrerizo<\/span><\/h4><h6><span style=\"color: #ffffff;\"><b>Directora del Centro MeSalud<\/b><\/span><\/h6><ul><li class=\"justifytext\"><span style=\"color: #ffffff;\">\u2013 Titulada Superior en Ballet Cl\u00e1sico.<\/span><\/li><li class=\"justifytext\"><span style=\"color: #ffffff;\">\u2013 T\u00e9cnico Superior de Actividades F\u00edsico-Deportivas<\/span><\/li><li class=\"justifytext\"><span style=\"color: #ffffff;\">\u2013 Entrenadora especializada en readaptaci\u00f3n al movimiento.<\/span><\/li><li class=\"justifytext\"><span style=\"color: #ffffff;\">\u2013 Entrenadora y Formadora m\u00e9todo Pilates.<\/span><\/li><li class=\"justifytext\"><span style=\"color: #ffffff;\">\u2013 Entrenadora sistema Gyrotonic\u00ae<\/span><\/li><li class=\"justifytext\"><span style=\"color: #ffffff;\">\u2013 Terapeuta manual (masaje descontracturante y t\u00e9cnica miofascial)<\/span><\/li><li class=\"justifytext\"><span style=\"color: #ffffff;\">\u2013 Oste\u00f3pata<\/span><\/li><\/ul>\t\t\t\t\t\t\t\t<\/div>\n\t\t\t\t<\/div>\n\t\t\t\t<\/div>\n\t\t<div class=\"elementor-element elementor-element-d07c168 e-con-full e-flex e-con e-child\" data-id=\"d07c168\" data-element_type=\"container\" data-settings=\"{&quot;background_background&quot;:&quot;classic&quot;}\">\n\t\t<div class=\"elementor-element elementor-element-e856695 e-con-full e-flex e-con e-child\" data-id=\"e856695\" data-element_type=\"container\">\n\t\t\t\t<div class=\"elementor-element elementor-element-5130ecd elementor-widget elementor-widget-image\" data-id=\"5130ecd\" data-element_type=\"widget\" data-widget_type=\"image.default\">\n\t\t\t\t\t\t\t\t\t\t\t\t\t\t\t<img decoding=\"async\" width=\"440\" height=\"440\" src=\"https:\/\/movimientoessalud.com\/wp-content\/uploads\/2025\/09\/ana_adelaida_gonzalez-440x440-1.jpg\" class=\"attachment-large size-large wp-image-106\" alt=\"ana adelaida gonzalez 440x440 1\" srcset=\"https:\/\/movimientoessalud.com\/wp-content\/uploads\/2025\/09\/ana_adelaida_gonzalez-440x440-1.jpg 440w, https:\/\/movimientoessalud.com\/wp-content\/uploads\/2025\/09\/ana_adelaida_gonzalez-440x440-1-300x300.jpg 300w, https:\/\/movimientoessalud.com\/wp-content\/uploads\/2025\/09\/ana_adelaida_gonzalez-440x440-1-150x150.jpg 150w, https:\/\/movimientoessalud.com\/wp-content\/uploads\/2025\/09\/ana_adelaida_gonzalez-440x440-1-75x75.jpg 75w\" sizes=\"(max-width:767px) 440px, 440px\" \/>\t\t\t\t\t\t\t\t\t\t\t\t\t\t\t<\/div>\n\t\t\t\t<\/div>\n\t\t<div class=\"elementor-element elementor-element-a76d323 e-con-full e-flex e-con e-child\" data-id=\"a76d323\" data-element_type=\"container\">\n\t\t\t\t<div class=\"elementor-element elementor-element-182a5dd elementor-widget elementor-widget-text-editor\" data-id=\"182a5dd\" data-element_type=\"widget\" data-widget_type=\"text-editor.default\">\n\t\t\t\t\t\t\t\t\t<h4><span style=\"color: #ffffff;\">Ana Adelaida Gonz\u00e1lez L\u00f3pez<\/span><\/h4><h6><span style=\"color: #ffffff;\"><b>Experta en Pilates<\/b><\/span><\/h6><ul><li><span style=\"color: #ffffff;\">\u2013 Entrenadora m\u00e9todo Pilates.<\/span><\/li><li><span style=\"color: #ffffff;\">\u2013 Entrenadora sistema Gyrotonic\u00ae<\/span><\/li><li><span style=\"color: #ffffff;\">\u2013 Entrenadora especializada en protocolo respiratorio y reeducaci\u00f3n postural.<\/span><\/li><\/ul>\t\t\t\t\t\t\t\t<\/div>\n\t\t\t\t<\/div>\n\t\t\t\t<\/div>\n\t\t<div class=\"elementor-element elementor-element-9d0c60a e-con-full e-flex e-con e-child\" data-id=\"9d0c60a\" data-element_type=\"container\">\n\t\t<div class=\"elementor-element elementor-element-0873fc1 e-con-full e-flex e-con e-child\" data-id=\"0873fc1\" data-element_type=\"container\">\n\t\t\t\t<div class=\"elementor-element elementor-element-4457586 elementor-widget elementor-widget-image\" data-id=\"4457586\" data-element_type=\"widget\" data-widget_type=\"image.default\">\n\t\t\t\t\t\t\t\t\t\t\t\t\t\t\t<img loading=\"lazy\" decoding=\"async\" width=\"440\" height=\"440\" src=\"https:\/\/movimientoessalud.com\/wp-content\/uploads\/2025\/09\/DSC_3709b-440x440-2.jpg\" class=\"attachment-large size-large wp-image-162\" alt=\"DSC 3709b 440x440 2\" srcset=\"https:\/\/movimientoessalud.com\/wp-content\/uploads\/2025\/09\/DSC_3709b-440x440-2.jpg 440w, https:\/\/movimientoessalud.com\/wp-content\/uploads\/2025\/09\/DSC_3709b-440x440-2-300x300.jpg 300w, https:\/\/movimientoessalud.com\/wp-content\/uploads\/2025\/09\/DSC_3709b-440x440-2-150x150.jpg 150w, https:\/\/movimientoessalud.com\/wp-content\/uploads\/2025\/09\/DSC_3709b-440x440-2-75x75.jpg 75w\" sizes=\"(max-width:767px) 440px, 440px\" \/>\t\t\t\t\t\t\t\t\t\t\t\t\t\t\t<\/div>\n\t\t\t\t<\/div>\n\t\t<div class=\"elementor-element elementor-element-929375b e-con-full e-flex e-con e-child\" data-id=\"929375b\" data-element_type=\"container\">\n\t\t\t\t<div class=\"elementor-element elementor-element-2bc565f elementor-widget elementor-widget-text-editor\" data-id=\"2bc565f\" data-element_type=\"widget\" data-widget_type=\"text-editor.default\">\n\t\t\t\t\t\t\t\t\t<h4><span style=\"color: #ffffff;\">Sara Bonnet Junguitu<\/span><\/h4><p><span style=\"color: #ffffff;\">Fisioterapeuta especializada en Readaptaci\u00f3n de lesiones y Reeducaci\u00f3n Postural.<\/span><\/p>\t\t\t\t\t\t\t\t<\/div>\n\t\t\t\t<\/div>\n\t\t\t\t<\/div>\n\t\t<div class=\"elementor-element elementor-element-026bcff e-con-full e-flex e-con e-child\" data-id=\"026bcff\" data-element_type=\"container\" data-settings=\"{&quot;background_background&quot;:&quot;classic&quot;}\">\n\t\t<div class=\"elementor-element elementor-element-ae094a5 e-con-full e-flex e-con e-child\" data-id=\"ae094a5\" data-element_type=\"container\">\n\t\t\t\t<div class=\"elementor-element elementor-element-ca3bbcc elementor-widget elementor-widget-image\" data-id=\"ca3bbcc\" data-element_type=\"widget\" data-widget_type=\"image.default\">\n\t\t\t\t\t\t\t\t\t\t\t\t\t\t\t<img loading=\"lazy\" decoding=\"async\" width=\"440\" height=\"440\" src=\"https:\/\/movimientoessalud.com\/wp-content\/uploads\/2025\/09\/DSC_3709b-440x440-2.jpg\" class=\"attachment-large size-large wp-image-162\" alt=\"DSC 3709b 440x440 2\" srcset=\"https:\/\/movimientoessalud.com\/wp-content\/uploads\/2025\/09\/DSC_3709b-440x440-2.jpg 440w, https:\/\/movimientoessalud.com\/wp-content\/uploads\/2025\/09\/DSC_3709b-440x440-2-300x300.jpg 300w, https:\/\/movimientoessalud.com\/wp-content\/uploads\/2025\/09\/DSC_3709b-440x440-2-150x150.jpg 150w, https:\/\/movimientoessalud.com\/wp-content\/uploads\/2025\/09\/DSC_3709b-440x440-2-75x75.jpg 75w\" sizes=\"(max-width:767px) 440px, 440px\" \/>\t\t\t\t\t\t\t\t\t\t\t\t\t\t\t<\/div>\n\t\t\t\t<\/div>\n\t\t<div class=\"elementor-element elementor-element-fea8713 e-con-full e-flex e-con e-child\" data-id=\"fea8713\" data-element_type=\"container\">\n\t\t\t\t<div class=\"elementor-element elementor-element-676460a elementor-widget elementor-widget-text-editor\" data-id=\"676460a\" data-element_type=\"widget\" data-widget_type=\"text-editor.default\">\n\t\t\t\t\t\t\t\t\t<h4><span style=\"color: #ffffff;\">Saioa M\u00e9ndez Soto<\/span><\/h4><p><span style=\"color: #ffffff;\">Entrenadora Pilates Terap\u00e9utico e Instructora Gyrotonic. T\u00e9cnica est\u00e9tica.<\/span><\/p>\t\t\t\t\t\t\t\t<\/div>\n\t\t\t\t<\/div>\n\t\t\t\t<\/div>\n\t\t<div class=\"elementor-element elementor-element-c87ce5c e-con-full e-flex e-con e-child\" data-id=\"c87ce5c\" data-element_type=\"container\">\n\t\t<div class=\"elementor-element elementor-element-5fc5c95 e-con-full e-flex e-con e-child\" data-id=\"5fc5c95\" data-element_type=\"container\">\n\t\t\t\t<div class=\"elementor-element elementor-element-0d6f1c1 elementor-widget elementor-widget-text-editor\" data-id=\"0d6f1c1\" data-element_type=\"widget\" data-widget_type=\"text-editor.default\">\n\t\t\t\t\t\t\t\t\t<h4><span style=\"color: #ffffff;\">Sara Bonnet<\/span><\/h4><h4><span style=\"color: #ffffff; font-size: 14px;\">Fisioterapeuta colegiada<\/span><\/h4>\t\t\t\t\t\t\t\t<\/div>\n\t\t\t\t<\/div>\n\t\t<div class=\"elementor-element elementor-element-0516845 e-con-full e-flex e-con e-child\" data-id=\"0516845\" data-element_type=\"container\">\n\t\t\t\t<\/div>\n\t\t\t\t<\/div>\n\t\t\t\t\t<\/div>\n\t\t\t\t<\/div>\n\t\t\t\t\t<\/div>\n\t\t<\/div>\n\t\t\t\t\t<\/div>\n\t\t<\/section>\n\t\t\t\t<section class=\"elementor-section elementor-top-section elementor-element elementor-element-6293bf4 elementor-section-stretched elementor-section-boxed elementor-section-height-default elementor-section-height-default\" data-id=\"6293bf4\" data-element_type=\"section\" data-settings=\"{&quot;stretch_section&quot;:&quot;section-stretched&quot;,&quot;background_background&quot;:&quot;classic&quot;}\">\n\t\t\t\t\t\t<div class=\"elementor-container elementor-column-gap-wider\">\n\t\t\t\t\t<div class=\"elementor-column elementor-col-100 elementor-top-column elementor-element elementor-element-469663f\" data-id=\"469663f\" data-element_type=\"column\">\n\t\t\t<div class=\"elementor-widget-wrap\">\n\t\t\t\t\t\t\t<\/div>\n\t\t<\/div>\n\t\t\t\t\t<\/div>\n\t\t<\/section>\n\t\t<div class=\"elementor-element elementor-element-dc0cbc5 e-flex e-con-boxed e-con e-parent\" data-id=\"dc0cbc5\" data-element_type=\"container\">\n\t\t\t\t\t<div class=\"e-con-inner\">\n\t\t\t\t\t<\/div>\n\t\t\t\t<\/div>\n\t\t\t\t<\/div>","protected":false},"excerpt":{"rendered":"<p>Sobre nosotros MeSalud surge de casi 20 a\u00f1os de experiencia en readaptaci\u00f3n de lesiones y reeducaci\u00f3n postural para mejorar cuadros de dolor cr\u00f3nico y recuperar la<span class=\"excerpt-hellip\"> [...]<\/span><\/p>","protected":false},"author":1,"featured_media":0,"parent":0,"menu_order":0,"comment_status":"open","ping_status":"closed","template":"elementor_header_footer","meta":{"footnotes":""},"class_list":["post-9","page","type-page","status-publish","hentry"],"yoast_head":"<!-- This site is optimized with the Yoast SEO plugin v25.8 - https:\/\/yoast.com\/wordpress\/plugins\/seo\/ -->\n<title>Nosotros - movimientoessalud<\/title>\n<meta name=\"robots\" content=\"index, follow, max-snippet:-1, max-image-preview:large, max-video-preview:-1\" \/>\n<link rel=\"canonical\" href=\"https:\/\/movimientoessalud.com\/en\/nosotros\/\" \/>\n<meta property=\"og:locale\" content=\"en_GB\" \/>\n<meta property=\"og:type\" content=\"article\" \/>\n<meta property=\"og:title\" content=\"Nosotros - movimientoessalud\" \/>\n<meta property=\"og:description\" content=\"Sobre nosotros MeSalud surge de casi 20 a\u00f1os de experiencia en readaptaci\u00f3n de lesiones y reeducaci\u00f3n postural para mejorar cuadros de dolor cr\u00f3nico y recuperar la [\u2026]\" \/>\n<meta property=\"og:url\" content=\"https:\/\/movimientoessalud.com\/en\/nosotros\/\" \/>\n<meta property=\"og:site_name\" content=\"movimientoessalud\" \/>\n<meta property=\"article:modified_time\" content=\"2026-02-03T16:01:11+00:00\" \/>\n<meta property=\"og:image\" content=\"https:\/\/movimientoessalud.com\/wp-content\/uploads\/2025\/09\/pilates_mesalud_featured-440x440-2.jpg\" \/>\n\t<meta property=\"og:image:width\" content=\"440\" \/>\n\t<meta property=\"og:image:height\" content=\"440\" \/>\n\t<meta property=\"og:image:type\" content=\"image\/jpeg\" \/>\n<meta name=\"twitter:card\" content=\"summary_large_image\" \/>\n<meta name=\"twitter:label1\" content=\"Estimated reading time\" \/>\n\t<meta name=\"twitter:data1\" content=\"1 minute\" \/>\n<script type=\"application\/ld+json\" class=\"yoast-schema-graph\">{\"@context\":\"https:\/\/schema.org\",\"@graph\":[{\"@type\":\"WebPage\",\"@id\":\"https:\/\/movimientoessalud.com\/nosotros\/\",\"url\":\"https:\/\/movimientoessalud.com\/nosotros\/\",\"name\":\"Nosotros - movimientoessalud\",\"isPartOf\":{\"@id\":\"https:\/\/movimientoessalud.com\/#website\"},\"primaryImageOfPage\":{\"@id\":\"https:\/\/movimientoessalud.com\/nosotros\/#primaryimage\"},\"image\":{\"@id\":\"https:\/\/movimientoessalud.com\/nosotros\/#primaryimage\"},\"thumbnailUrl\":\"https:\/\/movimientoessalud.com\/wp-content\/uploads\/2025\/09\/pilates_mesalud_featured-440x440-2.jpg\",\"datePublished\":\"2019-09-09T10:37:57+00:00\",\"dateModified\":\"2026-02-03T16:01:11+00:00\",\"breadcrumb\":{\"@id\":\"https:\/\/movimientoessalud.com\/nosotros\/#breadcrumb\"},\"inLanguage\":\"en-GB\",\"potentialAction\":[{\"@type\":\"ReadAction\",\"target\":[\"https:\/\/movimientoessalud.com\/nosotros\/\"]}]},{\"@type\":\"ImageObject\",\"inLanguage\":\"en-GB\",\"@id\":\"https:\/\/movimientoessalud.com\/nosotros\/#primaryimage\",\"url\":\"https:\/\/movimientoessalud.com\/wp-content\/uploads\/2025\/09\/pilates_mesalud_featured-440x440-2.jpg\",\"contentUrl\":\"https:\/\/movimientoessalud.com\/wp-content\/uploads\/2025\/09\/pilates_mesalud_featured-440x440-2.jpg\"},{\"@type\":\"BreadcrumbList\",\"@id\":\"https:\/\/movimientoessalud.com\/nosotros\/#breadcrumb\",\"itemListElement\":[{\"@type\":\"ListItem\",\"position\":1,\"name\":\"Portada\",\"item\":\"https:\/\/movimientoessalud.com\/\"},{\"@type\":\"ListItem\",\"position\":2,\"name\":\"Nosotros\"}]},{\"@type\":\"WebSite\",\"@id\":\"https:\/\/movimientoessalud.com\/#website\",\"url\":\"https:\/\/movimientoessalud.com\/\",\"name\":\"movimientoessalud\",\"description\":\"Centro de servicios de bienestar y saludk\",\"publisher\":{\"@id\":\"https:\/\/movimientoessalud.com\/#organization\"},\"potentialAction\":[{\"@type\":\"SearchAction\",\"target\":{\"@type\":\"EntryPoint\",\"urlTemplate\":\"https:\/\/movimientoessalud.com\/?s={search_term_string}\"},\"query-input\":{\"@type\":\"PropertyValueSpecification\",\"valueRequired\":true,\"valueName\":\"search_term_string\"}}],\"inLanguage\":\"en-GB\"},{\"@type\":\"Organization\",\"@id\":\"https:\/\/movimientoessalud.com\/#organization\",\"name\":\"movimientoessalud\",\"url\":\"https:\/\/movimientoessalud.com\/\",\"logo\":{\"@type\":\"ImageObject\",\"inLanguage\":\"en-GB\",\"@id\":\"https:\/\/movimientoessalud.com\/#\/schema\/logo\/image\/\",\"url\":\"https:\/\/movimientoessalud.com\/wp-content\/uploads\/2025\/09\/logo-crack.png\",\"contentUrl\":\"https:\/\/movimientoessalud.com\/wp-content\/uploads\/2025\/09\/logo-crack.png\",\"width\":354,\"height\":108,\"caption\":\"movimientoessalud\"},\"image\":{\"@id\":\"https:\/\/movimientoessalud.com\/#\/schema\/logo\/image\/\"}}]}<\/script>\n<!-- \/ Yoast SEO plugin. -->","yoast_head_json":{"title":"Nosotros - movimientoessalud","robots":{"index":"index","follow":"follow","max-snippet":"max-snippet:-1","max-image-preview":"max-image-preview:large","max-video-preview":"max-video-preview:-1"},"canonical":"https:\/\/movimientoessalud.com\/en\/nosotros\/","og_locale":"en_GB","og_type":"article","og_title":"Nosotros - movimientoessalud","og_description":"Sobre nosotros MeSalud surge de casi 20 a\u00f1os de experiencia en readaptaci\u00f3n de lesiones y reeducaci\u00f3n postural para mejorar cuadros de dolor cr\u00f3nico y recuperar la [\u2026]","og_url":"https:\/\/movimientoessalud.com\/en\/nosotros\/","og_site_name":"movimientoessalud","article_modified_time":"2026-02-03T16:01:11+00:00","og_image":[{"width":440,"height":440,"url":"https:\/\/movimientoessalud.com\/wp-content\/uploads\/2025\/09\/pilates_mesalud_featured-440x440-2.jpg","type":"image\/jpeg"}],"twitter_card":"summary_large_image","twitter_misc":{"Estimated reading time":"1 minute"},"schema":{"@context":"https:\/\/schema.org","@graph":[{"@type":"WebPage","@id":"https:\/\/movimientoessalud.com\/nosotros\/","url":"https:\/\/movimientoessalud.com\/nosotros\/","name":"Nosotros - movimientoessalud","isPartOf":{"@id":"https:\/\/movimientoessalud.com\/#website"},"primaryImageOfPage":{"@id":"https:\/\/movimientoessalud.com\/nosotros\/#primaryimage"},"image":{"@id":"https:\/\/movimientoessalud.com\/nosotros\/#primaryimage"},"thumbnailUrl":"https:\/\/movimientoessalud.com\/wp-content\/uploads\/2025\/09\/pilates_mesalud_featured-440x440-2.jpg","datePublished":"2019-09-09T10:37:57+00:00","dateModified":"2026-02-03T16:01:11+00:00","breadcrumb":{"@id":"https:\/\/movimientoessalud.com\/nosotros\/#breadcrumb"},"inLanguage":"en-GB","potentialAction":[{"@type":"ReadAction","target":["https:\/\/movimientoessalud.com\/nosotros\/"]}]},{"@type":"ImageObject","inLanguage":"en-GB","@id":"https:\/\/movimientoessalud.com\/nosotros\/#primaryimage","url":"https:\/\/movimientoessalud.com\/wp-content\/uploads\/2025\/09\/pilates_mesalud_featured-440x440-2.jpg","contentUrl":"https:\/\/movimientoessalud.com\/wp-content\/uploads\/2025\/09\/pilates_mesalud_featured-440x440-2.jpg"},{"@type":"BreadcrumbList","@id":"https:\/\/movimientoessalud.com\/nosotros\/#breadcrumb","itemListElement":[{"@type":"ListItem","position":1,"name":"Portada","item":"https:\/\/movimientoessalud.com\/"},{"@type":"ListItem","position":2,"name":"Nosotros"}]},{"@type":"WebSite","@id":"https:\/\/movimientoessalud.com\/#website","url":"https:\/\/movimientoessalud.com\/","name":"movimientoessalud","description":"Centro de servicios de bienestar y saludk","publisher":{"@id":"https:\/\/movimientoessalud.com\/#organization"},"potentialAction":[{"@type":"SearchAction","target":{"@type":"EntryPoint","urlTemplate":"https:\/\/movimientoessalud.com\/?s={search_term_string}"},"query-input":{"@type":"PropertyValueSpecification","valueRequired":true,"valueName":"search_term_string"}}],"inLanguage":"en-GB"},{"@type":"Organization","@id":"https:\/\/movimientoessalud.com\/#organization","name":"movimientoessalud","url":"https:\/\/movimientoessalud.com\/","logo":{"@type":"ImageObject","inLanguage":"en-GB","@id":"https:\/\/movimientoessalud.com\/#\/schema\/logo\/image\/","url":"https:\/\/movimientoessalud.com\/wp-content\/uploads\/2025\/09\/logo-crack.png","contentUrl":"https:\/\/movimientoessalud.com\/wp-content\/uploads\/2025\/09\/logo-crack.png","width":354,"height":108,"caption":"movimientoessalud"},"image":{"@id":"https:\/\/movimientoessalud.com\/#\/schema\/logo\/image\/"}}]}},"_links":{"self":[{"href":"https:\/\/movimientoessalud.com\/en\/wp-json\/wp\/v2\/pages\/9","targetHints":{"allow":["GET"]}}],"collection":[{"href":"https:\/\/movimientoessalud.com\/en\/wp-json\/wp\/v2\/pages"}],"about":[{"href":"https:\/\/movimientoessalud.com\/en\/wp-json\/wp\/v2\/types\/page"}],"author":[{"embeddable":true,"href":"https:\/\/movimientoessalud.com\/en\/wp-json\/wp\/v2\/users\/1"}],"replies":[{"embeddable":true,"href":"https:\/\/movimientoessalud.com\/en\/wp-json\/wp\/v2\/comments?post=9"}],"version-history":[{"count":31,"href":"https:\/\/movimientoessalud.com\/en\/wp-json\/wp\/v2\/pages\/9\/revisions"}],"predecessor-version":[{"id":517,"href":"https:\/\/movimientoessalud.com\/en\/wp-json\/wp\/v2\/pages\/9\/revisions\/517"}],"wp:attachment":[{"href":"https:\/\/movimientoessalud.com\/en\/wp-json\/wp\/v2\/media?parent=9"}],"curies":[{"name":"wp","href":"https:\/\/api.w.org\/{rel}","templated":true}]}}