{"id":336,"date":"2025-09-04T10:39:21","date_gmt":"2025-09-04T08:39:21","guid":{"rendered":"https:\/\/movimientoessalud.com\/?page_id=336"},"modified":"2026-02-05T12:27:40","modified_gmt":"2026-02-05T11:27:40","slug":"politica-privacidad","status":"publish","type":"page","link":"https:\/\/movimientoessalud.com\/en\/politica-privacidad\/","title":{"rendered":"Privacy policy"},"content":{"rendered":"<div data-elementor-type=\"wp-page\" data-elementor-id=\"336\" class=\"elementor elementor-336\" data-elementor-post-type=\"page\">\n\t\t\t\t<div class=\"elementor-element elementor-element-8b547eb e-flex e-con-boxed e-con e-parent\" data-id=\"8b547eb\" data-element_type=\"container\">\n\t\t\t\t\t<div class=\"e-con-inner\">\n\t\t\t\t<div class=\"elementor-element elementor-element-7d02468 elementor-widget elementor-widget-text-editor\" data-id=\"7d02468\" data-element_type=\"widget\" data-widget_type=\"text-editor.default\">\n\t\t\t\t\t\t\t\t\t<p>Lorem ipsum dolor sit amet, consectetur adipiscing elit. Ut elit tellus, luctus nec ullamcorper mattis, pulvinar dapibus leo.<\/p>\t\t\t\t\t\t\t\t<\/div>\n\t\t\t\t\t<\/div>\n\t\t\t\t<\/div>\n\t\t<div class=\"elementor-element elementor-element-6c4a8c2 e-flex e-con-boxed e-con e-parent\" data-id=\"6c4a8c2\" data-element_type=\"container\">\n\t\t\t\t\t<div class=\"e-con-inner\">\n\t\t\t\t<div class=\"elementor-element elementor-element-c2d464d elementor-widget elementor-widget-text-editor\" data-id=\"c2d464d\" data-element_type=\"widget\" data-widget_type=\"text-editor.default\">\n\t\t\t\t\t\t\t\t\t<p><span style=\"font-weight: 400;\">En\u00a0 MOVIMIENTO ES SALUD respetamos tu privacidad y estamos comprometidos a proteger tus datos personales. Recopilamos informaci\u00f3n personal como nombre, direcci\u00f3n, correo electr\u00f3nico y n\u00famero de tel\u00e9fono solo cuando la proporcionamos voluntariamente para construcci\u00f3n y decoraci\u00f3n.<\/span><\/p><p>\u00a0<\/p><p><b>Uso de los Datos Personales<\/b><\/p><p>\u00a0<\/p><p><span style=\"font-weight: 400;\">Utilizamos tus datos personales s\u00f3lo para los fines para los que fueron proporcionados. No compartiremos tus datos con terceros sin tu consentimiento.<\/span><\/p><p>\u00a0<\/p><p><b>Seguridad de los Datos<\/b><\/p><p>\u00a0<\/p><p><span style=\"font-weight: 400;\">Tomamos medidas de seguridad para proteger tus datos personales y garantizar su confidencialidad.<\/span><\/p><p>\u00a0<\/p><p><b>Derechos de Acceso, Rectificaci\u00f3n y Eliminaci\u00f3n<\/b><\/p><p>\u00a0<\/p><p><span style=\"font-weight: 400;\">Tienes derecho a acceder, rectificar o eliminar tus datos personales. Si deseas ejercer estos derechos, cont\u00e1ctanos\u00a0 amaia@movimientoessalud.com<\/span><\/p><p><br \/><br \/><\/p><p><b>Cambios en la Pol\u00edtica de Privacidad<\/b><\/p><p>\u00a0<\/p><p><span style=\"font-weight: 400;\">Nos reservamos el derecho de actualizar nuestra pol\u00edtica de privacidad en el futuro. Cualquier cambio se publicar\u00e1 en esta p\u00e1gina.<\/span><\/p><p>\u00a0<\/p><p><span style=\"font-weight: 400;\">Fecha de la \u00faltima actualizaci\u00f3n: 26\/09\/2025<\/span><\/p><p><i><span style=\"font-weight: 400;\">\u00a0<\/span><\/i><\/p><p>\u00a0<\/p>\t\t\t\t\t\t\t\t<\/div>\n\t\t\t\t\t<\/div>\n\t\t\t\t<\/div>\n\t\t<div class=\"elementor-element elementor-element-33db71f e-flex e-con-boxed e-con e-parent\" data-id=\"33db71f\" data-element_type=\"container\">\n\t\t\t\t\t<div class=\"e-con-inner\">\n\t\t\t\t<div class=\"elementor-element elementor-element-35d155c elementor-widget elementor-widget-text-editor\" data-id=\"35d155c\" data-element_type=\"widget\" data-widget_type=\"text-editor.default\">\n\t\t\t\t\t\t\t\t\t<p><b>AVISO LEGAL<\/b><\/p><p>\u00a0<\/p><p><span style=\"font-weight: 400;\">Responsable de la Web: <\/span><span style=\"font-weight: 400;\">AMAIA PRISCILA ARAGON\u00c9S\u00a0 CABRERIZO<\/span><\/p><p><span style=\"font-weight: 400;\">NIF\/CIF: <\/span><span style=\"font-weight: 400;\">72393683X<\/span><\/p><p><span style=\"font-weight: 400;\">Direcci\u00f3n: Canarias Kalea, 3, Arteagabeitia, 48902 San Vicente de Barakaldo, Bizkaia<\/span><\/p><p><span style=\"font-weight: 400;\">Tel\u00e9fono +34 633 739 275<\/span><\/p><p><span style=\"font-weight: 400;\">Correo electr\u00f3nico: amaia@movimientoessalud.com<\/span><\/p><p>\u00a0<\/p><p><span style=\"font-weight: 400;\">MOVIMIENTO ES SALUD es una plataforma en l\u00ednea propiedad de <\/span><span style=\"font-weight: 400;\">AMAIA PRISCILA ARAGON\u00c9S\u00a0 CABRERIZO<\/span><span style=\"font-weight: 400;\">, dedicada a ofrecer Pilates terap\u00e9utico y Gyrotonic en Bilbao, especializados en la readaptaci\u00f3n de lesiones y el alivio del dolor cr\u00f3nico.<\/span><\/p><p>\u00a0<\/p><p><b>Propiedad Intelectual e Industrial<\/b><\/p><p>\u00a0<\/p><p><span style=\"font-weight: 400;\">Los derechos de propiedad intelectual e industrial de la web, as\u00ed como los contenidos que alberga, son propiedad de <\/span><span style=\"font-weight: 400;\">AMAIA PRISCILA ARAGON\u00c9S\u00a0 CABRERIZO<\/span><span style=\"font-weight: 400;\"> o de terceros. Queda prohibida la reproducci\u00f3n, distribuci\u00f3n o modificaci\u00f3n de los contenidos sin el permiso expreso de los propietarios.<\/span><\/p><p>\u00a0<\/p><p><b>Pol\u00edtica de Privacidad<\/b><\/p><p>\u00a0<\/p><p><span style=\"font-weight: 400;\">Puedes consultar nuestra pol\u00edtica de privacidad en el siguiente enlace: Pol\u00edtica de privacidad<\/span><\/p><p>\u00a0<\/p><p><b>Ley Aplicable y Jurisdicci\u00f3n<\/b><\/p><p>\u00a0<\/p><p><span style=\"font-weight: 400;\">Estas condiciones se rigen por la legislaci\u00f3n espa\u00f1ola y cualquier controversia se someter\u00e1 a los juzgados y tribunales de Matar\u00f3 de acuerdo con la legislaci\u00f3n aplicable.<\/span><\/p><p>\u00a0<\/p><p><b>Contact<\/b><\/p><p>\u00a0<\/p><p><span style=\"font-weight: 400;\">Para cualquier consulta o comentario sobre nuestros t\u00e9rminos legales, por favor, cont\u00e1ctenos en amaia@movimientoessalud.com<\/span><\/p><p>\u00a0<\/p><p><span style=\"font-weight: 400;\">Fecha de la \u00faltima actualizaci\u00f3n: 26\/09\/2025<\/span><\/p><p>\u00a0<\/p>\t\t\t\t\t\t\t\t<\/div>\n\t\t\t\t\t<\/div>\n\t\t\t\t<\/div>\n\t\t<div class=\"elementor-element elementor-element-5b34c75 e-flex e-con-boxed e-con e-parent\" data-id=\"5b34c75\" data-element_type=\"container\">\n\t\t\t\t\t<div class=\"e-con-inner\">\n\t\t\t\t<div class=\"elementor-element elementor-element-c7aacfb elementor-widget elementor-widget-text-editor\" data-id=\"c7aacfb\" data-element_type=\"widget\" data-widget_type=\"text-editor.default\">\n\t\t\t\t\t\t\t\t\t<p><span style=\"font-weight: 400;\">Declaraci\u00f3n de accesibilidad<\/span><\/p><p><br \/><br \/><\/p><p><span style=\"font-weight: 400;\">Se ha comprometido a hacer accesible su sitio web, de conformidad con normativa WCAG 2.1 en materia de accesibilidad y que se utiliza como evidencia de la justificaci\u00f3n del criterio de accesibilidad del Programa Kit Digital. Est\u00e1 estructurado conforme a los anexos de la norma UNE-EN 301 549:2022. La presente declaraci\u00f3n de accesibilidad se aplica al sitio web <\/span><a href=\"https:\/\/movimientoessalud.com\/en\/\"><span style=\"font-weight: 400;\">https:\/\/movimientoessalud.com\/<\/span><\/a><\/p><p><br \/><br \/>.<\/p>\t\t\t\t\t\t\t\t<\/div>\n\t\t\t\t\t<\/div>\n\t\t\t\t<\/div>\n\t\t\t\t<\/div>","protected":false},"excerpt":{"rendered":"<p>Lorem ipsum dolor sit amet, consectetur adipiscing elit. Ut elit tellus, luctus nec ullamcorper mattis, pulvinar dapibus leo. En\u00a0 MOVIMIENTO ES SALUD respetamos tu privacidad y<span class=\"excerpt-hellip\"> [...]<\/span><\/p>","protected":false},"author":1,"featured_media":0,"parent":0,"menu_order":0,"comment_status":"closed","ping_status":"closed","template":"","meta":{"footnotes":""},"class_list":["post-336","page","type-page","status-publish","hentry"],"yoast_head":"<!-- This site is optimized with the Yoast SEO plugin v25.8 - https:\/\/yoast.com\/wordpress\/plugins\/seo\/ -->\n<title>Pol\u00edtica de privacidad - movimientoessalud<\/title>\n<meta name=\"robots\" content=\"index, follow, max-snippet:-1, max-image-preview:large, max-video-preview:-1\" \/>\n<link rel=\"canonical\" href=\"https:\/\/movimientoessalud.com\/en\/politica-privacidad\/\" \/>\n<meta property=\"og:locale\" content=\"en_GB\" \/>\n<meta property=\"og:type\" content=\"article\" \/>\n<meta property=\"og:title\" content=\"Pol\u00edtica de privacidad - movimientoessalud\" \/>\n<meta property=\"og:description\" content=\"Lorem ipsum dolor sit amet, consectetur adipiscing elit. Ut elit tellus, luctus nec ullamcorper mattis, pulvinar dapibus leo. En\u00a0 MOVIMIENTO ES SALUD respetamos tu privacidad y [\u2026]\" \/>\n<meta property=\"og:url\" content=\"https:\/\/movimientoessalud.com\/en\/politica-privacidad\/\" \/>\n<meta property=\"og:site_name\" content=\"movimientoessalud\" \/>\n<meta property=\"article:modified_time\" content=\"2026-02-05T11:27:40+00:00\" \/>\n<meta name=\"twitter:card\" content=\"summary_large_image\" \/>\n<meta name=\"twitter:label1\" content=\"Estimated reading time\" \/>\n\t<meta name=\"twitter:data1\" content=\"2 minutes\" \/>\n<script type=\"application\/ld+json\" class=\"yoast-schema-graph\">{\"@context\":\"https:\/\/schema.org\",\"@graph\":[{\"@type\":\"WebPage\",\"@id\":\"https:\/\/movimientoessalud.com\/politica-privacidad\/\",\"url\":\"https:\/\/movimientoessalud.com\/politica-privacidad\/\",\"name\":\"Pol\u00edtica de privacidad - movimientoessalud\",\"isPartOf\":{\"@id\":\"https:\/\/movimientoessalud.com\/#website\"},\"datePublished\":\"2025-09-04T08:39:21+00:00\",\"dateModified\":\"2026-02-05T11:27:40+00:00\",\"breadcrumb\":{\"@id\":\"https:\/\/movimientoessalud.com\/politica-privacidad\/#breadcrumb\"},\"inLanguage\":\"en-GB\",\"potentialAction\":[{\"@type\":\"ReadAction\",\"target\":[\"https:\/\/movimientoessalud.com\/politica-privacidad\/\"]}]},{\"@type\":\"BreadcrumbList\",\"@id\":\"https:\/\/movimientoessalud.com\/politica-privacidad\/#breadcrumb\",\"itemListElement\":[{\"@type\":\"ListItem\",\"position\":1,\"name\":\"Portada\",\"item\":\"https:\/\/movimientoessalud.com\/\"},{\"@type\":\"ListItem\",\"position\":2,\"name\":\"Pol\u00edtica de privacidad\"}]},{\"@type\":\"WebSite\",\"@id\":\"https:\/\/movimientoessalud.com\/#website\",\"url\":\"https:\/\/movimientoessalud.com\/\",\"name\":\"movimientoessalud\",\"description\":\"Centro de servicios de bienestar y saludk\",\"publisher\":{\"@id\":\"https:\/\/movimientoessalud.com\/#organization\"},\"potentialAction\":[{\"@type\":\"SearchAction\",\"target\":{\"@type\":\"EntryPoint\",\"urlTemplate\":\"https:\/\/movimientoessalud.com\/?s={search_term_string}\"},\"query-input\":{\"@type\":\"PropertyValueSpecification\",\"valueRequired\":true,\"valueName\":\"search_term_string\"}}],\"inLanguage\":\"en-GB\"},{\"@type\":\"Organization\",\"@id\":\"https:\/\/movimientoessalud.com\/#organization\",\"name\":\"movimientoessalud\",\"url\":\"https:\/\/movimientoessalud.com\/\",\"logo\":{\"@type\":\"ImageObject\",\"inLanguage\":\"en-GB\",\"@id\":\"https:\/\/movimientoessalud.com\/#\/schema\/logo\/image\/\",\"url\":\"https:\/\/movimientoessalud.com\/wp-content\/uploads\/2025\/09\/logo-crack.png\",\"contentUrl\":\"https:\/\/movimientoessalud.com\/wp-content\/uploads\/2025\/09\/logo-crack.png\",\"width\":354,\"height\":108,\"caption\":\"movimientoessalud\"},\"image\":{\"@id\":\"https:\/\/movimientoessalud.com\/#\/schema\/logo\/image\/\"}}]}<\/script>\n<!-- \/ Yoast SEO plugin. -->","yoast_head_json":{"title":"Pol\u00edtica de privacidad - movimientoessalud","robots":{"index":"index","follow":"follow","max-snippet":"max-snippet:-1","max-image-preview":"max-image-preview:large","max-video-preview":"max-video-preview:-1"},"canonical":"https:\/\/movimientoessalud.com\/en\/politica-privacidad\/","og_locale":"en_GB","og_type":"article","og_title":"Pol\u00edtica de privacidad - movimientoessalud","og_description":"Lorem ipsum dolor sit amet, consectetur adipiscing elit. Ut elit tellus, luctus nec ullamcorper mattis, pulvinar dapibus leo. En\u00a0 MOVIMIENTO ES SALUD respetamos tu privacidad y [\u2026]","og_url":"https:\/\/movimientoessalud.com\/en\/politica-privacidad\/","og_site_name":"movimientoessalud","article_modified_time":"2026-02-05T11:27:40+00:00","twitter_card":"summary_large_image","twitter_misc":{"Estimated reading time":"2 minutes"},"schema":{"@context":"https:\/\/schema.org","@graph":[{"@type":"WebPage","@id":"https:\/\/movimientoessalud.com\/politica-privacidad\/","url":"https:\/\/movimientoessalud.com\/politica-privacidad\/","name":"Pol\u00edtica de privacidad - movimientoessalud","isPartOf":{"@id":"https:\/\/movimientoessalud.com\/#website"},"datePublished":"2025-09-04T08:39:21+00:00","dateModified":"2026-02-05T11:27:40+00:00","breadcrumb":{"@id":"https:\/\/movimientoessalud.com\/politica-privacidad\/#breadcrumb"},"inLanguage":"en-GB","potentialAction":[{"@type":"ReadAction","target":["https:\/\/movimientoessalud.com\/politica-privacidad\/"]}]},{"@type":"BreadcrumbList","@id":"https:\/\/movimientoessalud.com\/politica-privacidad\/#breadcrumb","itemListElement":[{"@type":"ListItem","position":1,"name":"Portada","item":"https:\/\/movimientoessalud.com\/"},{"@type":"ListItem","position":2,"name":"Pol\u00edtica de privacidad"}]},{"@type":"WebSite","@id":"https:\/\/movimientoessalud.com\/#website","url":"https:\/\/movimientoessalud.com\/","name":"movimientoessalud","description":"Centro de servicios de bienestar y saludk","publisher":{"@id":"https:\/\/movimientoessalud.com\/#organization"},"potentialAction":[{"@type":"SearchAction","target":{"@type":"EntryPoint","urlTemplate":"https:\/\/movimientoessalud.com\/?s={search_term_string}"},"query-input":{"@type":"PropertyValueSpecification","valueRequired":true,"valueName":"search_term_string"}}],"inLanguage":"en-GB"},{"@type":"Organization","@id":"https:\/\/movimientoessalud.com\/#organization","name":"movimientoessalud","url":"https:\/\/movimientoessalud.com\/","logo":{"@type":"ImageObject","inLanguage":"en-GB","@id":"https:\/\/movimientoessalud.com\/#\/schema\/logo\/image\/","url":"https:\/\/movimientoessalud.com\/wp-content\/uploads\/2025\/09\/logo-crack.png","contentUrl":"https:\/\/movimientoessalud.com\/wp-content\/uploads\/2025\/09\/logo-crack.png","width":354,"height":108,"caption":"movimientoessalud"},"image":{"@id":"https:\/\/movimientoessalud.com\/#\/schema\/logo\/image\/"}}]}},"_links":{"self":[{"href":"https:\/\/movimientoessalud.com\/en\/wp-json\/wp\/v2\/pages\/336","targetHints":{"allow":["GET"]}}],"collection":[{"href":"https:\/\/movimientoessalud.com\/en\/wp-json\/wp\/v2\/pages"}],"about":[{"href":"https:\/\/movimientoessalud.com\/en\/wp-json\/wp\/v2\/types\/page"}],"author":[{"embeddable":true,"href":"https:\/\/movimientoessalud.com\/en\/wp-json\/wp\/v2\/users\/1"}],"replies":[{"embeddable":true,"href":"https:\/\/movimientoessalud.com\/en\/wp-json\/wp\/v2\/comments?post=336"}],"version-history":[{"count":16,"href":"https:\/\/movimientoessalud.com\/en\/wp-json\/wp\/v2\/pages\/336\/revisions"}],"predecessor-version":[{"id":529,"href":"https:\/\/movimientoessalud.com\/en\/wp-json\/wp\/v2\/pages\/336\/revisions\/529"}],"wp:attachment":[{"href":"https:\/\/movimientoessalud.com\/en\/wp-json\/wp\/v2\/media?parent=336"}],"curies":[{"name":"wp","href":"https:\/\/api.w.org\/{rel}","templated":true}]}}