{"id":331,"date":"2025-09-04T10:37:29","date_gmt":"2025-09-04T08:37:29","guid":{"rendered":"https:\/\/movimientoessalud.com\/?page_id=331"},"modified":"2026-02-05T12:30:17","modified_gmt":"2026-02-05T11:30:17","slug":"aviso-legal","status":"publish","type":"page","link":"https:\/\/movimientoessalud.com\/en\/aviso-legal\/","title":{"rendered":"Legal notice"},"content":{"rendered":"<div data-elementor-type=\"wp-page\" data-elementor-id=\"331\" class=\"elementor elementor-331\" data-elementor-post-type=\"page\">\n\t\t\t\t<div class=\"elementor-element elementor-element-585eace e-flex e-con-boxed e-con e-parent\" data-id=\"585eace\" data-element_type=\"container\">\n\t\t\t\t\t<div class=\"e-con-inner\">\n\t\t\t\t<div class=\"elementor-element elementor-element-2b626f9 elementor-widget elementor-widget-text-editor\" data-id=\"2b626f9\" data-element_type=\"widget\" data-widget_type=\"text-editor.default\">\n\t\t\t\t\t\t\t\t\t<p>Lorem ipsum dolor sit amet, consectetur adipiscing elit. Ut elit tellus, luctus nec ullamcorper mattis, pulvinar dapibus leo.<\/p>\t\t\t\t\t\t\t\t<\/div>\n\t\t\t\t\t<\/div>\n\t\t\t\t<\/div>\n\t\t<div class=\"elementor-element elementor-element-3a74313 e-flex e-con-boxed e-con e-parent\" data-id=\"3a74313\" data-element_type=\"container\">\n\t\t\t\t\t<div class=\"e-con-inner\">\n\t\t\t\t<div class=\"elementor-element elementor-element-9885630 elementor-widget elementor-widget-text-editor\" data-id=\"9885630\" data-element_type=\"widget\" data-widget_type=\"text-editor.default\">\n\t\t\t\t\t\t\t\t\t<p><b>AVISO LEGAL<\/b><\/p><p>\u00a0<\/p><p><span style=\"font-weight: 400;\">Responsable de la Web: <\/span><span style=\"font-weight: 400;\">AMAIA PRISCILA ARAGON\u00c9S\u00a0 CABRERIZO<\/span><\/p><p><span style=\"font-weight: 400;\">NIF\/CIF: <\/span><span style=\"font-weight: 400;\">72393683X<\/span><\/p><p><span style=\"font-weight: 400;\">Direcci\u00f3n: Canarias Kalea, 3, Arteagabeitia, 48902 San Vicente de Barakaldo, Bizkaia<\/span><\/p><p><span style=\"font-weight: 400;\">Tel\u00e9fono +34 633 739 275<\/span><\/p><p><span style=\"font-weight: 400;\">Correo electr\u00f3nico: amaia@movimientoessalud.com<\/span><\/p><p>\u00a0<\/p><p><span style=\"font-weight: 400;\">MOVIMIENTO ES SALUD es una plataforma en l\u00ednea propiedad de <\/span><span style=\"font-weight: 400;\">AMAIA PRISCILA ARAGON\u00c9S\u00a0 CABRERIZO<\/span><span style=\"font-weight: 400;\">, dedicada a ofrecer Pilates terap\u00e9utico y Gyrotonic en Bilbao, especializados en la readaptaci\u00f3n de lesiones y el alivio del dolor cr\u00f3nico.<\/span><\/p><p>\u00a0<\/p><p><b>Propiedad Intelectual e Industrial<\/b><\/p><p>\u00a0<\/p><p><span style=\"font-weight: 400;\">Los derechos de propiedad intelectual e industrial de la web, as\u00ed como los contenidos que alberga, son propiedad de <\/span><span style=\"font-weight: 400;\">AMAIA PRISCILA ARAGON\u00c9S\u00a0 CABRERIZO<\/span><span style=\"font-weight: 400;\"> o de terceros. Queda prohibida la reproducci\u00f3n, distribuci\u00f3n o modificaci\u00f3n de los contenidos sin el permiso expreso de los propietarios.<\/span><\/p><p>\u00a0<\/p><p><b>Pol\u00edtica de Privacidad<\/b><\/p><p>\u00a0<\/p><p><span style=\"font-weight: 400;\">Puedes consultar nuestra pol\u00edtica de privacidad en el siguiente enlace: Pol\u00edtica de privacidad<\/span><\/p><p>\u00a0<\/p><p><b>Ley Aplicable y Jurisdicci\u00f3n<\/b><\/p><p>\u00a0<\/p><p><span style=\"font-weight: 400;\">Estas condiciones se rigen por la legislaci\u00f3n espa\u00f1ola y cualquier controversia se someter\u00e1 a los juzgados y tribunales de Matar\u00f3 de acuerdo con la legislaci\u00f3n aplicable.<\/span><\/p><p>\u00a0<\/p><p><b>Contact<\/b><\/p><p>\u00a0<\/p><p><span style=\"font-weight: 400;\">Para cualquier consulta o comentario sobre nuestros t\u00e9rminos legales, por favor, cont\u00e1ctenos en amaia@movimientoessalud.com<\/span><\/p><p>\u00a0<\/p><p><span style=\"font-weight: 400;\">Fecha de la \u00faltima actualizaci\u00f3n: 26\/09\/2025<\/span><\/p><p>\u00a0<\/p>\t\t\t\t\t\t\t\t<\/div>\n\t\t\t\t\t<\/div>\n\t\t\t\t<\/div>\n\t\t\t\t<\/div>","protected":false},"excerpt":{"rendered":"<p>Lorem ipsum dolor sit amet, consectetur adipiscing elit. Ut elit tellus, luctus nec ullamcorper mattis, pulvinar dapibus leo. AVISO LEGAL \u00a0 Responsable de la Web: AMAIA<span class=\"excerpt-hellip\"> [...]<\/span><\/p>","protected":false},"author":1,"featured_media":0,"parent":0,"menu_order":0,"comment_status":"closed","ping_status":"closed","template":"","meta":{"footnotes":""},"class_list":["post-331","page","type-page","status-publish","hentry"],"yoast_head":"<!-- This site is optimized with the Yoast SEO plugin v25.8 - https:\/\/yoast.com\/wordpress\/plugins\/seo\/ -->\n<title>Aviso legal - movimientoessalud<\/title>\n<meta name=\"robots\" content=\"index, follow, max-snippet:-1, max-image-preview:large, max-video-preview:-1\" \/>\n<link rel=\"canonical\" href=\"https:\/\/movimientoessalud.com\/en\/aviso-legal\/\" \/>\n<meta property=\"og:locale\" content=\"en_GB\" \/>\n<meta property=\"og:type\" content=\"article\" \/>\n<meta property=\"og:title\" content=\"Aviso legal - movimientoessalud\" \/>\n<meta property=\"og:description\" content=\"Lorem ipsum dolor sit amet, consectetur adipiscing elit. Ut elit tellus, luctus nec ullamcorper mattis, pulvinar dapibus leo. AVISO LEGAL \u00a0 Responsable de la Web: AMAIA [\u2026]\" \/>\n<meta property=\"og:url\" content=\"https:\/\/movimientoessalud.com\/en\/aviso-legal\/\" \/>\n<meta property=\"og:site_name\" content=\"movimientoessalud\" \/>\n<meta property=\"article:modified_time\" content=\"2026-02-05T11:30:17+00:00\" \/>\n<meta name=\"twitter:card\" content=\"summary_large_image\" \/>\n<meta name=\"twitter:label1\" content=\"Estimated reading time\" \/>\n\t<meta name=\"twitter:data1\" content=\"1 minute\" \/>\n<script type=\"application\/ld+json\" class=\"yoast-schema-graph\">{\"@context\":\"https:\/\/schema.org\",\"@graph\":[{\"@type\":\"WebPage\",\"@id\":\"https:\/\/movimientoessalud.com\/aviso-legal\/\",\"url\":\"https:\/\/movimientoessalud.com\/aviso-legal\/\",\"name\":\"Aviso legal - movimientoessalud\",\"isPartOf\":{\"@id\":\"https:\/\/movimientoessalud.com\/#website\"},\"datePublished\":\"2025-09-04T08:37:29+00:00\",\"dateModified\":\"2026-02-05T11:30:17+00:00\",\"breadcrumb\":{\"@id\":\"https:\/\/movimientoessalud.com\/aviso-legal\/#breadcrumb\"},\"inLanguage\":\"en-GB\",\"potentialAction\":[{\"@type\":\"ReadAction\",\"target\":[\"https:\/\/movimientoessalud.com\/aviso-legal\/\"]}]},{\"@type\":\"BreadcrumbList\",\"@id\":\"https:\/\/movimientoessalud.com\/aviso-legal\/#breadcrumb\",\"itemListElement\":[{\"@type\":\"ListItem\",\"position\":1,\"name\":\"Portada\",\"item\":\"https:\/\/movimientoessalud.com\/\"},{\"@type\":\"ListItem\",\"position\":2,\"name\":\"Aviso legal\"}]},{\"@type\":\"WebSite\",\"@id\":\"https:\/\/movimientoessalud.com\/#website\",\"url\":\"https:\/\/movimientoessalud.com\/\",\"name\":\"movimientoessalud\",\"description\":\"Centro de servicios de bienestar y saludk\",\"publisher\":{\"@id\":\"https:\/\/movimientoessalud.com\/#organization\"},\"potentialAction\":[{\"@type\":\"SearchAction\",\"target\":{\"@type\":\"EntryPoint\",\"urlTemplate\":\"https:\/\/movimientoessalud.com\/?s={search_term_string}\"},\"query-input\":{\"@type\":\"PropertyValueSpecification\",\"valueRequired\":true,\"valueName\":\"search_term_string\"}}],\"inLanguage\":\"en-GB\"},{\"@type\":\"Organization\",\"@id\":\"https:\/\/movimientoessalud.com\/#organization\",\"name\":\"movimientoessalud\",\"url\":\"https:\/\/movimientoessalud.com\/\",\"logo\":{\"@type\":\"ImageObject\",\"inLanguage\":\"en-GB\",\"@id\":\"https:\/\/movimientoessalud.com\/#\/schema\/logo\/image\/\",\"url\":\"https:\/\/movimientoessalud.com\/wp-content\/uploads\/2025\/09\/logo-crack.png\",\"contentUrl\":\"https:\/\/movimientoessalud.com\/wp-content\/uploads\/2025\/09\/logo-crack.png\",\"width\":354,\"height\":108,\"caption\":\"movimientoessalud\"},\"image\":{\"@id\":\"https:\/\/movimientoessalud.com\/#\/schema\/logo\/image\/\"}}]}<\/script>\n<!-- \/ Yoast SEO plugin. -->","yoast_head_json":{"title":"Aviso legal - movimientoessalud","robots":{"index":"index","follow":"follow","max-snippet":"max-snippet:-1","max-image-preview":"max-image-preview:large","max-video-preview":"max-video-preview:-1"},"canonical":"https:\/\/movimientoessalud.com\/en\/aviso-legal\/","og_locale":"en_GB","og_type":"article","og_title":"Aviso legal - movimientoessalud","og_description":"Lorem ipsum dolor sit amet, consectetur adipiscing elit. Ut elit tellus, luctus nec ullamcorper mattis, pulvinar dapibus leo. AVISO LEGAL \u00a0 Responsable de la Web: AMAIA [\u2026]","og_url":"https:\/\/movimientoessalud.com\/en\/aviso-legal\/","og_site_name":"movimientoessalud","article_modified_time":"2026-02-05T11:30:17+00:00","twitter_card":"summary_large_image","twitter_misc":{"Estimated reading time":"1 minute"},"schema":{"@context":"https:\/\/schema.org","@graph":[{"@type":"WebPage","@id":"https:\/\/movimientoessalud.com\/aviso-legal\/","url":"https:\/\/movimientoessalud.com\/aviso-legal\/","name":"Aviso legal - movimientoessalud","isPartOf":{"@id":"https:\/\/movimientoessalud.com\/#website"},"datePublished":"2025-09-04T08:37:29+00:00","dateModified":"2026-02-05T11:30:17+00:00","breadcrumb":{"@id":"https:\/\/movimientoessalud.com\/aviso-legal\/#breadcrumb"},"inLanguage":"en-GB","potentialAction":[{"@type":"ReadAction","target":["https:\/\/movimientoessalud.com\/aviso-legal\/"]}]},{"@type":"BreadcrumbList","@id":"https:\/\/movimientoessalud.com\/aviso-legal\/#breadcrumb","itemListElement":[{"@type":"ListItem","position":1,"name":"Portada","item":"https:\/\/movimientoessalud.com\/"},{"@type":"ListItem","position":2,"name":"Aviso legal"}]},{"@type":"WebSite","@id":"https:\/\/movimientoessalud.com\/#website","url":"https:\/\/movimientoessalud.com\/","name":"movimientoessalud","description":"Centro de servicios de bienestar y saludk","publisher":{"@id":"https:\/\/movimientoessalud.com\/#organization"},"potentialAction":[{"@type":"SearchAction","target":{"@type":"EntryPoint","urlTemplate":"https:\/\/movimientoessalud.com\/?s={search_term_string}"},"query-input":{"@type":"PropertyValueSpecification","valueRequired":true,"valueName":"search_term_string"}}],"inLanguage":"en-GB"},{"@type":"Organization","@id":"https:\/\/movimientoessalud.com\/#organization","name":"movimientoessalud","url":"https:\/\/movimientoessalud.com\/","logo":{"@type":"ImageObject","inLanguage":"en-GB","@id":"https:\/\/movimientoessalud.com\/#\/schema\/logo\/image\/","url":"https:\/\/movimientoessalud.com\/wp-content\/uploads\/2025\/09\/logo-crack.png","contentUrl":"https:\/\/movimientoessalud.com\/wp-content\/uploads\/2025\/09\/logo-crack.png","width":354,"height":108,"caption":"movimientoessalud"},"image":{"@id":"https:\/\/movimientoessalud.com\/#\/schema\/logo\/image\/"}}]}},"_links":{"self":[{"href":"https:\/\/movimientoessalud.com\/en\/wp-json\/wp\/v2\/pages\/331","targetHints":{"allow":["GET"]}}],"collection":[{"href":"https:\/\/movimientoessalud.com\/en\/wp-json\/wp\/v2\/pages"}],"about":[{"href":"https:\/\/movimientoessalud.com\/en\/wp-json\/wp\/v2\/types\/page"}],"author":[{"embeddable":true,"href":"https:\/\/movimientoessalud.com\/en\/wp-json\/wp\/v2\/users\/1"}],"replies":[{"embeddable":true,"href":"https:\/\/movimientoessalud.com\/en\/wp-json\/wp\/v2\/comments?post=331"}],"version-history":[{"count":7,"href":"https:\/\/movimientoessalud.com\/en\/wp-json\/wp\/v2\/pages\/331\/revisions"}],"predecessor-version":[{"id":535,"href":"https:\/\/movimientoessalud.com\/en\/wp-json\/wp\/v2\/pages\/331\/revisions\/535"}],"wp:attachment":[{"href":"https:\/\/movimientoessalud.com\/en\/wp-json\/wp\/v2\/media?parent=331"}],"curies":[{"name":"wp","href":"https:\/\/api.w.org\/{rel}","templated":true}]}}