{"id":323,"date":"2025-09-04T10:36:50","date_gmt":"2025-09-04T08:36:50","guid":{"rendered":"https:\/\/movimientoessalud.com\/?page_id=323"},"modified":"2026-02-05T12:29:27","modified_gmt":"2026-02-05T11:29:27","slug":"accesibilidad","status":"publish","type":"page","link":"https:\/\/movimientoessalud.com\/en\/accesibilidad\/","title":{"rendered":"Accessibility"},"content":{"rendered":"<div data-elementor-type=\"wp-page\" data-elementor-id=\"323\" class=\"elementor elementor-323\" data-elementor-post-type=\"page\">\n\t\t\t\t<div class=\"elementor-element elementor-element-5a225cd e-flex e-con-boxed e-con e-parent\" data-id=\"5a225cd\" data-element_type=\"container\">\n\t\t\t\t\t<div class=\"e-con-inner\">\n\t\t\t\t<div class=\"elementor-element elementor-element-e9fc561 elementor-widget elementor-widget-text-editor\" data-id=\"e9fc561\" data-element_type=\"widget\" data-widget_type=\"text-editor.default\">\n\t\t\t\t\t\t\t\t\t<p>Lorem ipsum dolor sit amet, consectetur adipiscing elit. Ut elit tellus, luctus nec ullamcorper mattis, pulvinar dapibus leo.<\/p>\t\t\t\t\t\t\t\t<\/div>\n\t\t\t\t\t<\/div>\n\t\t\t\t<\/div>\n\t\t<div class=\"elementor-element elementor-element-6f0589f e-flex e-con-boxed e-con e-parent\" data-id=\"6f0589f\" data-element_type=\"container\">\n\t\t\t\t\t<div class=\"e-con-inner\">\n\t\t\t\t<div class=\"elementor-element elementor-element-aaad2ff elementor-widget elementor-widget-text-editor\" data-id=\"aaad2ff\" data-element_type=\"widget\" data-widget_type=\"text-editor.default\">\n\t\t\t\t\t\t\t\t\t<p><span style=\"font-weight: 400;\">Declaraci\u00f3n de accesibilidad<\/span><\/p><p><br \/><br \/><\/p><p><span style=\"font-weight: 400;\">Se ha comprometido a hacer accesible su sitio web, de conformidad con normativa WCAG 2.1 en materia de accesibilidad y que se utiliza como evidencia de la justificaci\u00f3n del criterio de accesibilidad del Programa Kit Digital. Est\u00e1 estructurado conforme a los anexos de la norma UNE-EN 301 549:2022. La presente declaraci\u00f3n de accesibilidad se aplica al sitio web <\/span><a href=\"https:\/\/movimientoessalud.com\/en\/\"><span style=\"font-weight: 400;\">https:\/\/movimientoessalud.com\/<\/span><\/a><\/p><p>\u00a0<\/p>\t\t\t\t\t\t\t\t<\/div>\n\t\t\t\t\t<\/div>\n\t\t\t\t<\/div>\n\t\t\t\t<\/div>","protected":false},"excerpt":{"rendered":"<p>Lorem ipsum dolor sit amet, consectetur adipiscing elit. Ut elit tellus, luctus nec ullamcorper mattis, pulvinar dapibus leo. Declaraci\u00f3n de accesibilidad Se ha comprometido a hacer<span class=\"excerpt-hellip\"> [...]<\/span><\/p>","protected":false},"author":1,"featured_media":0,"parent":0,"menu_order":0,"comment_status":"closed","ping_status":"closed","template":"","meta":{"footnotes":""},"class_list":["post-323","page","type-page","status-publish","hentry"],"yoast_head":"<!-- This site is optimized with the Yoast SEO plugin v25.8 - https:\/\/yoast.com\/wordpress\/plugins\/seo\/ -->\n<title>Accesibilidad - movimientoessalud<\/title>\n<meta name=\"robots\" content=\"index, follow, max-snippet:-1, max-image-preview:large, max-video-preview:-1\" \/>\n<link rel=\"canonical\" href=\"https:\/\/movimientoessalud.com\/en\/accesibilidad\/\" \/>\n<meta property=\"og:locale\" content=\"en_GB\" \/>\n<meta property=\"og:type\" content=\"article\" \/>\n<meta property=\"og:title\" content=\"Accesibilidad - movimientoessalud\" \/>\n<meta property=\"og:description\" content=\"Lorem ipsum dolor sit amet, consectetur adipiscing elit. Ut elit tellus, luctus nec ullamcorper mattis, pulvinar dapibus leo. Declaraci\u00f3n de accesibilidad Se ha comprometido a hacer [\u2026]\" \/>\n<meta property=\"og:url\" content=\"https:\/\/movimientoessalud.com\/en\/accesibilidad\/\" \/>\n<meta property=\"og:site_name\" content=\"movimientoessalud\" \/>\n<meta property=\"article:modified_time\" content=\"2026-02-05T11:29:27+00:00\" \/>\n<meta name=\"twitter:card\" content=\"summary_large_image\" \/>\n<meta name=\"twitter:label1\" content=\"Estimated reading time\" \/>\n\t<meta name=\"twitter:data1\" content=\"1 minute\" \/>\n<script type=\"application\/ld+json\" class=\"yoast-schema-graph\">{\"@context\":\"https:\/\/schema.org\",\"@graph\":[{\"@type\":\"WebPage\",\"@id\":\"https:\/\/movimientoessalud.com\/accesibilidad\/\",\"url\":\"https:\/\/movimientoessalud.com\/accesibilidad\/\",\"name\":\"Accesibilidad - movimientoessalud\",\"isPartOf\":{\"@id\":\"https:\/\/movimientoessalud.com\/#website\"},\"datePublished\":\"2025-09-04T08:36:50+00:00\",\"dateModified\":\"2026-02-05T11:29:27+00:00\",\"breadcrumb\":{\"@id\":\"https:\/\/movimientoessalud.com\/accesibilidad\/#breadcrumb\"},\"inLanguage\":\"en-GB\",\"potentialAction\":[{\"@type\":\"ReadAction\",\"target\":[\"https:\/\/movimientoessalud.com\/accesibilidad\/\"]}]},{\"@type\":\"BreadcrumbList\",\"@id\":\"https:\/\/movimientoessalud.com\/accesibilidad\/#breadcrumb\",\"itemListElement\":[{\"@type\":\"ListItem\",\"position\":1,\"name\":\"Portada\",\"item\":\"https:\/\/movimientoessalud.com\/\"},{\"@type\":\"ListItem\",\"position\":2,\"name\":\"Accesibilidad\"}]},{\"@type\":\"WebSite\",\"@id\":\"https:\/\/movimientoessalud.com\/#website\",\"url\":\"https:\/\/movimientoessalud.com\/\",\"name\":\"movimientoessalud\",\"description\":\"Centro de servicios de bienestar y saludk\",\"publisher\":{\"@id\":\"https:\/\/movimientoessalud.com\/#organization\"},\"potentialAction\":[{\"@type\":\"SearchAction\",\"target\":{\"@type\":\"EntryPoint\",\"urlTemplate\":\"https:\/\/movimientoessalud.com\/?s={search_term_string}\"},\"query-input\":{\"@type\":\"PropertyValueSpecification\",\"valueRequired\":true,\"valueName\":\"search_term_string\"}}],\"inLanguage\":\"en-GB\"},{\"@type\":\"Organization\",\"@id\":\"https:\/\/movimientoessalud.com\/#organization\",\"name\":\"movimientoessalud\",\"url\":\"https:\/\/movimientoessalud.com\/\",\"logo\":{\"@type\":\"ImageObject\",\"inLanguage\":\"en-GB\",\"@id\":\"https:\/\/movimientoessalud.com\/#\/schema\/logo\/image\/\",\"url\":\"https:\/\/movimientoessalud.com\/wp-content\/uploads\/2025\/09\/logo-crack.png\",\"contentUrl\":\"https:\/\/movimientoessalud.com\/wp-content\/uploads\/2025\/09\/logo-crack.png\",\"width\":354,\"height\":108,\"caption\":\"movimientoessalud\"},\"image\":{\"@id\":\"https:\/\/movimientoessalud.com\/#\/schema\/logo\/image\/\"}}]}<\/script>\n<!-- \/ Yoast SEO plugin. -->","yoast_head_json":{"title":"Accesibilidad - movimientoessalud","robots":{"index":"index","follow":"follow","max-snippet":"max-snippet:-1","max-image-preview":"max-image-preview:large","max-video-preview":"max-video-preview:-1"},"canonical":"https:\/\/movimientoessalud.com\/en\/accesibilidad\/","og_locale":"en_GB","og_type":"article","og_title":"Accesibilidad - movimientoessalud","og_description":"Lorem ipsum dolor sit amet, consectetur adipiscing elit. Ut elit tellus, luctus nec ullamcorper mattis, pulvinar dapibus leo. Declaraci\u00f3n de accesibilidad Se ha comprometido a hacer [\u2026]","og_url":"https:\/\/movimientoessalud.com\/en\/accesibilidad\/","og_site_name":"movimientoessalud","article_modified_time":"2026-02-05T11:29:27+00:00","twitter_card":"summary_large_image","twitter_misc":{"Estimated reading time":"1 minute"},"schema":{"@context":"https:\/\/schema.org","@graph":[{"@type":"WebPage","@id":"https:\/\/movimientoessalud.com\/accesibilidad\/","url":"https:\/\/movimientoessalud.com\/accesibilidad\/","name":"Accesibilidad - movimientoessalud","isPartOf":{"@id":"https:\/\/movimientoessalud.com\/#website"},"datePublished":"2025-09-04T08:36:50+00:00","dateModified":"2026-02-05T11:29:27+00:00","breadcrumb":{"@id":"https:\/\/movimientoessalud.com\/accesibilidad\/#breadcrumb"},"inLanguage":"en-GB","potentialAction":[{"@type":"ReadAction","target":["https:\/\/movimientoessalud.com\/accesibilidad\/"]}]},{"@type":"BreadcrumbList","@id":"https:\/\/movimientoessalud.com\/accesibilidad\/#breadcrumb","itemListElement":[{"@type":"ListItem","position":1,"name":"Portada","item":"https:\/\/movimientoessalud.com\/"},{"@type":"ListItem","position":2,"name":"Accesibilidad"}]},{"@type":"WebSite","@id":"https:\/\/movimientoessalud.com\/#website","url":"https:\/\/movimientoessalud.com\/","name":"movimientoessalud","description":"Centro de servicios de bienestar y saludk","publisher":{"@id":"https:\/\/movimientoessalud.com\/#organization"},"potentialAction":[{"@type":"SearchAction","target":{"@type":"EntryPoint","urlTemplate":"https:\/\/movimientoessalud.com\/?s={search_term_string}"},"query-input":{"@type":"PropertyValueSpecification","valueRequired":true,"valueName":"search_term_string"}}],"inLanguage":"en-GB"},{"@type":"Organization","@id":"https:\/\/movimientoessalud.com\/#organization","name":"movimientoessalud","url":"https:\/\/movimientoessalud.com\/","logo":{"@type":"ImageObject","inLanguage":"en-GB","@id":"https:\/\/movimientoessalud.com\/#\/schema\/logo\/image\/","url":"https:\/\/movimientoessalud.com\/wp-content\/uploads\/2025\/09\/logo-crack.png","contentUrl":"https:\/\/movimientoessalud.com\/wp-content\/uploads\/2025\/09\/logo-crack.png","width":354,"height":108,"caption":"movimientoessalud"},"image":{"@id":"https:\/\/movimientoessalud.com\/#\/schema\/logo\/image\/"}}]}},"_links":{"self":[{"href":"https:\/\/movimientoessalud.com\/en\/wp-json\/wp\/v2\/pages\/323","targetHints":{"allow":["GET"]}}],"collection":[{"href":"https:\/\/movimientoessalud.com\/en\/wp-json\/wp\/v2\/pages"}],"about":[{"href":"https:\/\/movimientoessalud.com\/en\/wp-json\/wp\/v2\/types\/page"}],"author":[{"embeddable":true,"href":"https:\/\/movimientoessalud.com\/en\/wp-json\/wp\/v2\/users\/1"}],"replies":[{"embeddable":true,"href":"https:\/\/movimientoessalud.com\/en\/wp-json\/wp\/v2\/comments?post=323"}],"version-history":[{"count":10,"href":"https:\/\/movimientoessalud.com\/en\/wp-json\/wp\/v2\/pages\/323\/revisions"}],"predecessor-version":[{"id":532,"href":"https:\/\/movimientoessalud.com\/en\/wp-json\/wp\/v2\/pages\/323\/revisions\/532"}],"wp:attachment":[{"href":"https:\/\/movimientoessalud.com\/en\/wp-json\/wp\/v2\/media?parent=323"}],"curies":[{"name":"wp","href":"https:\/\/api.w.org\/{rel}","templated":true}]}}